{"id":4921,"date":"2023-11-29T09:58:25","date_gmt":"2023-11-29T07:58:25","guid":{"rendered":"https:\/\/polarstartravel.fi\/?page_id=4921"},"modified":"2023-11-29T10:10:18","modified_gmt":"2023-11-29T08:10:18","slug":"tietosuojaseloste","status":"publish","type":"page","link":"https:\/\/polarstartravel.fi\/en\/privacy-statement\/","title":{"rendered":"Privacy statement"},"content":{"rendered":"<div data-elementor-type=\"wp-page\" data-elementor-id=\"4921\" class=\"elementor elementor-4921\" data-elementor-post-type=\"page\">\n\t\t\t\t\t\t<section data-particle_enable=\"false\" data-particle-mobile-disabled=\"false\" class=\"elementor-section elementor-top-section elementor-element elementor-element-7efb9a9 elementor-section-height-min-height elementor-section-boxed elementor-section-height-default elementor-section-items-middle\" data-id=\"7efb9a9\" data-element_type=\"section\" data-e-type=\"section\" data-settings=\"{&quot;background_background&quot;:&quot;classic&quot;,&quot;shape_divider_bottom&quot;:&quot;mountains&quot;}\">\n\t\t\t\t\t\t\t<div class=\"elementor-background-overlay\"><\/div>\n\t\t\t\t\t\t<div class=\"elementor-shape elementor-shape-bottom\" aria-hidden=\"true\" data-negative=\"false\">\n\t\t\t<svg xmlns=\"http:\/\/www.w3.org\/2000\/svg\" viewbox=\"0 0 1000 100\" preserveaspectratio=\"none\">\n\t<path class=\"elementor-shape-fill\" opacity=\"0.33\" d=\"M473,67.3c-203.9,88.3-263.1-34-320.3,0C66,119.1,0,59.7,0,59.7V0h1000v59.7 c0,0-62.1,26.1-94.9,29.3c-32.8,3.3-62.8-12.3-75.8-22.1C806,49.6,745.3,8.7,694.9,4.7S492.4,59,473,67.3z\"\/>\n\t<path class=\"elementor-shape-fill\" opacity=\"0.66\" d=\"M734,67.3c-45.5,0-77.2-23.2-129.1-39.1c-28.6-8.7-150.3-10.1-254,39.1 s-91.7-34.4-149.2,0C115.7,118.3,0,39.8,0,39.8V0h1000v36.5c0,0-28.2-18.5-92.1-18.5C810.2,18.1,775.7,67.3,734,67.3z\"\/>\n\t<path class=\"elementor-shape-fill\" d=\"M766.1,28.9c-200-57.5-266,65.5-395.1,19.5C242,1.8,242,5.4,184.8,20.6C128,35.8,132.3,44.9,89.9,52.5C28.6,63.7,0,0,0,0 h1000c0,0-9.9,40.9-83.6,48.1S829.6,47,766.1,28.9z\"\/>\n<\/svg>\t\t<\/div>\n\t\t\t\t\t<div class=\"elementor-container elementor-column-gap-default\">\n\t\t\t\t\t<div class=\"elementor-column elementor-col-100 elementor-top-column elementor-element elementor-element-ed7a366\" data-id=\"ed7a366\" data-element_type=\"column\" data-e-type=\"column\">\n\t\t\t<div class=\"elementor-widget-wrap elementor-element-populated\">\n\t\t\t\t\t\t<div class=\"elementor-element elementor-element-407811a elementor-widget elementor-widget-heading\" data-id=\"407811a\" data-element_type=\"widget\" data-e-type=\"widget\" data-widget_type=\"heading.default\">\n\t\t\t\t<div class=\"elementor-widget-container\">\n\t\t\t\t\t<h2 class=\"elementor-heading-title elementor-size-default\">Privacy statement<\/h2>\t\t\t\t<\/div>\n\t\t\t\t<\/div>\n\t\t\t\t\t<\/div>\n\t\t<\/div>\n\t\t\t\t\t<\/div>\n\t\t<\/section>\n\t\t\t\t<section data-particle_enable=\"false\" data-particle-mobile-disabled=\"false\" class=\"elementor-section elementor-top-section elementor-element elementor-element-8b703c7 elementor-section-boxed elementor-section-height-default elementor-section-height-default\" data-id=\"8b703c7\" data-element_type=\"section\" data-e-type=\"section\" data-settings=\"{&quot;background_background&quot;:&quot;classic&quot;}\">\n\t\t\t\t\t\t<div class=\"elementor-container elementor-column-gap-default\">\n\t\t\t\t\t<div class=\"elementor-column elementor-col-100 elementor-top-column elementor-element elementor-element-3ee51fe\" data-id=\"3ee51fe\" data-element_type=\"column\" data-e-type=\"column\">\n\t\t\t<div class=\"elementor-widget-wrap elementor-element-populated\">\n\t\t\t\t\t\t\t<\/div>\n\t\t<\/div>\n\t\t\t\t\t<\/div>\n\t\t<\/section>\n\t\t\t\t<section data-particle_enable=\"false\" data-particle-mobile-disabled=\"false\" class=\"elementor-section elementor-top-section elementor-element elementor-element-c6973ba elementor-section-boxed elementor-section-height-default elementor-section-height-default\" data-id=\"c6973ba\" data-element_type=\"section\" data-e-type=\"section\" data-settings=\"{&quot;shape_divider_top&quot;:&quot;mountains&quot;,&quot;background_background&quot;:&quot;classic&quot;}\">\n\t\t\t\t\t\t\t<div class=\"elementor-background-overlay\"><\/div>\n\t\t\t\t\t\t<div class=\"elementor-shape elementor-shape-top\" aria-hidden=\"true\" data-negative=\"false\">\n\t\t\t<svg xmlns=\"http:\/\/www.w3.org\/2000\/svg\" viewbox=\"0 0 1000 100\" preserveaspectratio=\"none\">\n\t<path class=\"elementor-shape-fill\" opacity=\"0.33\" d=\"M473,67.3c-203.9,88.3-263.1-34-320.3,0C66,119.1,0,59.7,0,59.7V0h1000v59.7 c0,0-62.1,26.1-94.9,29.3c-32.8,3.3-62.8-12.3-75.8-22.1C806,49.6,745.3,8.7,694.9,4.7S492.4,59,473,67.3z\"\/>\n\t<path class=\"elementor-shape-fill\" opacity=\"0.66\" d=\"M734,67.3c-45.5,0-77.2-23.2-129.1-39.1c-28.6-8.7-150.3-10.1-254,39.1 s-91.7-34.4-149.2,0C115.7,118.3,0,39.8,0,39.8V0h1000v36.5c0,0-28.2-18.5-92.1-18.5C810.2,18.1,775.7,67.3,734,67.3z\"\/>\n\t<path class=\"elementor-shape-fill\" d=\"M766.1,28.9c-200-57.5-266,65.5-395.1,19.5C242,1.8,242,5.4,184.8,20.6C128,35.8,132.3,44.9,89.9,52.5C28.6,63.7,0,0,0,0 h1000c0,0-9.9,40.9-83.6,48.1S829.6,47,766.1,28.9z\"\/>\n<\/svg>\t\t<\/div>\n\t\t\t\t\t<div class=\"elementor-container elementor-column-gap-default\">\n\t\t\t\t\t<div class=\"elementor-column elementor-col-100 elementor-top-column elementor-element elementor-element-eb5109f\" data-id=\"eb5109f\" data-element_type=\"column\" data-e-type=\"column\">\n\t\t\t<div class=\"elementor-widget-wrap elementor-element-populated\">\n\t\t\t\t\t\t\t<\/div>\n\t\t<\/div>\n\t\t\t\t\t<\/div>\n\t\t<\/section>\n\t\t\t\t<section data-particle_enable=\"false\" data-particle-mobile-disabled=\"false\" class=\"elementor-section elementor-top-section elementor-element elementor-element-c224d6b elementor-section-boxed elementor-section-height-default elementor-section-height-default\" data-id=\"c224d6b\" data-element_type=\"section\" data-e-type=\"section\" data-settings=\"{&quot;background_background&quot;:&quot;classic&quot;}\">\n\t\t\t\t\t\t<div class=\"elementor-container elementor-column-gap-default\">\n\t\t\t\t\t<div class=\"elementor-column elementor-col-100 elementor-top-column elementor-element elementor-element-2cb6012\" data-id=\"2cb6012\" data-element_type=\"column\" data-e-type=\"column\">\n\t\t\t<div class=\"elementor-widget-wrap elementor-element-populated\">\n\t\t\t\t\t\t<div class=\"elementor-element elementor-element-38606da elementor-widget elementor-widget-text-editor\" data-id=\"38606da\" data-element_type=\"widget\" data-e-type=\"widget\" data-widget_type=\"text-editor.default\">\n\t\t\t\t<div class=\"elementor-widget-container\">\n\t\t\t\t\t\t\t\t\t<div data-id=\"af60be1\" data-element_type=\"widget\" data-widget_type=\"heading.default\"><div><h2>REGISTRY AND PRIVACY STATEMENT<\/h2><\/div><\/div><div data-id=\"896c0e9\" data-element_type=\"widget\" data-widget_type=\"text-editor.default\"><div><p>This is Polar Star Travel&#039;s registration and privacy statement in accordance with the EU General Data Protection Regulation (GDPR). Prepared on 29 November 2023.<\/p><p>\u00a0<\/p><\/div><\/div><div data-id=\"f8c341b\" data-element_type=\"widget\" data-widget_type=\"heading.default\"><div><h2>REGISTRAR<\/h2><\/div><\/div><div data-id=\"02bb1ee\" data-element_type=\"widget\" data-widget_type=\"text-editor.default\"><p>Aurora Incoming Levi Oy<\/p><p><span class=\"CopyButton__Value\" data-reactid=\"41\">business ID: 2302168-0<\/span><\/p><p>+358 10 325 4040<\/p><p>Torikuja 10 A, 99130 Levi<\/p><p>\u00a0<\/p><\/div><div data-id=\"5931534\" data-element_type=\"widget\" data-widget_type=\"heading.default\"><div><h2>REQUESTS RELATED TO DATA PROTECTION<\/h2><\/div><\/div><div data-id=\"2c64cee\" data-element_type=\"widget\" data-widget_type=\"text-editor.default\"><div><p>Responsible for data protection requests:\u00a0<a href=\"mailto:info@louru.fi\">Louru Oy<\/a>.<\/p><p>\u00a0<\/p><\/div><\/div><div data-id=\"d18b634\" data-element_type=\"widget\" data-widget_type=\"heading.default\"><div><h2>REGISTER NAME<\/h2><\/div><\/div><div data-id=\"a867cca\" data-element_type=\"widget\" data-widget_type=\"text-editor.default\"><div><p>Polar Star Travel online service user register.<\/p><p>\u00a0<\/p><\/div><\/div><div data-id=\"3479be9\" data-element_type=\"widget\" data-widget_type=\"heading.default\"><div><h2>PURPOSE OF PERSONAL DATA PROCESSING<\/h2><\/div><\/div><div data-id=\"1e65f50\" data-element_type=\"widget\" data-widget_type=\"text-editor.default\"><div><p>The purpose of personal data processing is communication with customers, customer relationship maintenance and marketing. In addition, the collected information can be used to develop the online service. The information is not used for automated decision-making or profiling.<\/p><p>\u00a0<\/p><\/div><\/div><div data-id=\"b594213\" data-element_type=\"widget\" data-widget_type=\"heading.default\"><div><h2>INFORMATION CONTENT OF THE REGISTER<\/h2><\/div><\/div><div data-id=\"c8a8c8c\" data-element_type=\"widget\" data-widget_type=\"text-editor.default\"><div><p>Information to be stored in the register is: Person&#039;s name, company name, contact information (phone number, email address, address), website addresses, information about ordered services and their changes, billing information, other information related to the customer relationship and ordered services.<\/p><p>The data will be stored for the time being.<\/p><p>\u00a0<\/p><\/div><\/div><div data-id=\"a71d2db\" data-element_type=\"widget\" data-widget_type=\"heading.default\"><div><h2>REGULAR INFORMATION SOURCES<\/h2><\/div><\/div><div data-id=\"2b5be48\" data-element_type=\"widget\" data-widget_type=\"text-editor.default\"><div><p>The information to be recorded in the register is received from the customer via e-mail, phone, social media services, contracts, customer meetings and other situations where the customer discloses their information.<\/p><p>Contact information for companies and other organizations can also be collected from public sources such as websites, directory services and other companies.<\/p><p>\u00a0<\/p><\/div><\/div><div data-id=\"bbd0fa6\" data-element_type=\"widget\" data-widget_type=\"heading.default\"><div><h2>DATA TRANSFER OUTSIDE THE EU OR EEA<\/h2><\/div><\/div><div data-id=\"7cc129d\" data-element_type=\"widget\" data-widget_type=\"text-editor.default\"><div><p>Information is not regularly disclosed to other parties. Information can be published to the extent agreed with the customer. Data can also be transferred by the controller outside the EU or EEA.<\/p><p>\u00a0<\/p><\/div><\/div><div data-id=\"57b5972\" data-element_type=\"widget\" data-widget_type=\"heading.default\"><div><h2>REGISTRY PROTECTION PRINCIPLES<\/h2><\/div><\/div><div data-id=\"14cc547\" data-element_type=\"widget\" data-widget_type=\"text-editor.default\"><div><p>The registrar ensures that stored data as well as server access rights and other data critical to the security of personal data are handled confidentially and only by those employees whose job description it is.<\/p><p>\u00a0<\/p><\/div><\/div><div data-id=\"9c0f09b\" data-element_type=\"widget\" data-widget_type=\"heading.default\"><div><h2>RISKS<\/h2><\/div><\/div><div data-id=\"0ac08d0\" data-element_type=\"widget\" data-widget_type=\"text-editor.default\"><div><p>Risks related to personal data are e.g. data leaks. The personal data stored in the register is protected against unauthorized access to the data and against accidental or illegal data destruction, alteration, transfer, transfer or other illegal processing.<\/p><p>\u00a0<\/p><\/div><\/div><div data-id=\"b3f6564\" data-element_type=\"widget\" data-widget_type=\"heading.default\"><div><h2>RIGHT OF INSPECTION AND RIGHTS RELATED TO THE PROCESSING OF PERSONAL DATA<\/h2><\/div><\/div><div data-id=\"9357fe5\" data-element_type=\"widget\" data-widget_type=\"text-editor.default\"><div><p>Every person in the register has the right to check their information stored in the register and to demand the correction of any incorrect information or the completion of incomplete information.<\/p><p>If a person wants to check the information stored about them, demand a correction or request the deletion of their personal data, the request must be sent in writing to the controller. If necessary, the registrar may ask the requester to prove their identity. The controller responds to the customer within the time stipulated in the EU data protection regulation (generally within a month).<\/p><p>\u00a0<\/p><\/div><\/div><div data-id=\"bbd3bd3\" data-element_type=\"widget\" data-widget_type=\"heading.default\"><div><h2>COOKIES AND VISITOR TRACKING<\/h2><\/div><\/div><div data-id=\"db0e9fe\" data-element_type=\"widget\" data-widget_type=\"text-editor.default\"><div><p>Website visitor information and statistics are stored via the Google Analytics web analytics service on Google&#039;s servers, which may also be located outside the EEA (Privacy Shield countries).<\/p><p>\u00a0<\/p><\/div><\/div><div data-id=\"37c6eea\" data-element_type=\"widget\" data-widget_type=\"heading.default\"><div><h2>WHAT ARE COOKIES?<\/h2><\/div><\/div><div data-id=\"eb7b660\" data-element_type=\"widget\" data-widget_type=\"text-editor.default\"><div><p>Cookies are small text files that are stored on the user&#039;s device when he visits the website. With each visit, these cookies are sent back to the website, which recognizes the cookie. With the help of cookies, e.g. identifies the user&#039;s device, saves the choices made by the user on the site and stores login information. Cookies can also be used to track visitors, which is used to improve the user experience and target ads, for example.<\/p><p>\u00a0<\/p><\/div><\/div><div data-id=\"f578e65\" data-element_type=\"widget\" data-widget_type=\"heading.default\"><div><h2>COOKIES USED ON THE WEBSITE<\/h2><\/div><\/div><div data-id=\"1908ea0\" data-element_type=\"widget\" data-widget_type=\"text-editor.default\"><div><p>This website uses the Google Analytics web analytics service, which uses cookies for visitor tracking. Google Analytics cookies can be used to collect information about, for example, the user<\/p><ul><li>from the device<\/li><li>location<\/li><li>of pages visited (on this site)<\/li><li>of opened links<\/li><li>of the visiting time<\/li><li>from the source of arrival.<\/li><\/ul><p>This website may contain embedded content from other sources. Downloading or opening embedded content is comparable to the user visiting a third-party website.<\/p><p>\u00a0<\/p><\/div><\/div><div data-id=\"fd525a2\" data-element_type=\"widget\" data-widget_type=\"heading.default\"><div><h2>TARGETING THE COLLECTED INFORMATION TO THE PERSON<\/h2><\/div><\/div><div data-id=\"024f43c\" data-element_type=\"widget\" data-widget_type=\"text-editor.default\"><div><p>None of the collected data can be assigned to individuals, as the IP addresses and other identifying information of individuals have been removed from the reports. Google Analytics reports provide indicative figures on the number of visitors, information about their devices and behavior on this website.<\/p><\/div><\/div>\t\t\t\t\t\t\t\t<\/div>\n\t\t\t\t<\/div>\n\t\t\t\t\t<\/div>\n\t\t<\/div>\n\t\t\t\t\t<\/div>\n\t\t<\/section>\n\t\t\t\t<\/div>","protected":false},"excerpt":{"rendered":"<p>Tietosuojaseloste REKISTERI- JA TIETOSUOJASELOSTE T\u00e4m\u00e4 on Polar Star Travelin EU:n yleisen tietosuoja-asetuksen (GDPR) mukainen rekisteri- ja tietosuojaseloste. Laadittu 29.11.2023. \u00a0 REKISTERINPIT\u00c4J\u00c4 Aurora Incoming Levi Oy y-tunnus: 2302168-0 +358 10 325 4040 Torikuja 10 A, 99130 Levi \u00a0 TIETOSUOJAAN LIITTYV\u00c4T PYYNN\u00d6T Tietosuojapyynn\u00f6ist\u00e4 vastaa\u00a0Louru Oy. \u00a0 REKISTERIN NIMI Polar Star Travel verkkopalvelun k\u00e4ytt\u00e4j\u00e4rekisteri. \u00a0 HENKIL\u00d6TIETOJEN K\u00c4SITTELYN TARKOITUS [&hellip;]<\/p>\n","protected":false},"author":1,"featured_media":0,"parent":0,"menu_order":0,"comment_status":"closed","ping_status":"closed","template":"","meta":{"_acf_changed":false,"footnotes":""},"class_list":["post-4921","page","type-page","status-publish","hentry"],"acf":[],"_links":{"self":[{"href":"https:\/\/polarstartravel.fi\/en\/wp-json\/wp\/v2\/pages\/4921","targetHints":{"allow":["GET"]}}],"collection":[{"href":"https:\/\/polarstartravel.fi\/en\/wp-json\/wp\/v2\/pages"}],"about":[{"href":"https:\/\/polarstartravel.fi\/en\/wp-json\/wp\/v2\/types\/page"}],"author":[{"embeddable":true,"href":"https:\/\/polarstartravel.fi\/en\/wp-json\/wp\/v2\/users\/1"}],"replies":[{"embeddable":true,"href":"https:\/\/polarstartravel.fi\/en\/wp-json\/wp\/v2\/comments?post=4921"}],"version-history":[{"count":7,"href":"https:\/\/polarstartravel.fi\/en\/wp-json\/wp\/v2\/pages\/4921\/revisions"}],"predecessor-version":[{"id":4928,"href":"https:\/\/polarstartravel.fi\/en\/wp-json\/wp\/v2\/pages\/4921\/revisions\/4928"}],"wp:attachment":[{"href":"https:\/\/polarstartravel.fi\/en\/wp-json\/wp\/v2\/media?parent=4921"}],"curies":[{"name":"wp","href":"https:\/\/api.w.org\/{rel}","templated":true}]}}